{"id":308,"date":"2020-03-03T21:08:25","date_gmt":"2020-03-03T21:08:25","guid":{"rendered":"http:\/\/anlacan.com\/?page_id=308"},"modified":"2025-07-31T13:36:06","modified_gmt":"2025-07-31T11:36:06","slug":"about-me","status":"publish","type":"page","link":"https:\/\/anlacan.com\/nl\/de-therapeut\/","title":{"rendered":"De therapeut"},"content":{"rendered":"<div class=\"wp-block-columns is-layout-flex wp-container-core-columns-is-layout-9d6595d7 wp-block-columns-is-layout-flex\">\n<div class=\"wp-block-column is-layout-flow wp-block-column-is-layout-flow\">\n<p>Veel therapeuten die ik heb ontmoet, hebben uit de eerste hand ervaren hoeveel pijn kan voortvloeien uit miscommunicatie en een gebrek aan verbinding. Ik ben hierop geen uitzondering.<\/p>\n\n\n\n<p>Mijn ouders, na gevlucht te zijn uit Vietnam voor onrechtvaardigheid en oorlog, werden in hun nieuwe thuisland in Nederland uitgedaagd om hun leven van de grond af op te bouwen. Het gelijktijdige bestaan van hun onuitputtelijke liefde enerzijds, en de generationele pijn die ze met zich meedroegen en naar hun kinderen overdroegen anderzijds, leek me vreemd op jonge leeftijd - terwijl ik naarmate ik opgroeide besefte dat deze elkaar niet uitsluiten. Misschien komen ze zelfs altijd hand in hand.<\/p>\n<\/div>\n\n\n\n<div class=\"wp-block-column is-layout-flow wp-block-column-is-layout-flow\"><div class=\"wp-block-image is-style-rounded\">\n<figure class=\"aligncenter size-large is-resized\"><img loading=\"lazy\" decoding=\"async\" width=\"972\" height=\"1024\" src=\"http:\/\/anlacan.com\/wp-content\/uploads\/2020\/08\/THIS-IS-Anlacan-9-2-1-972x1024.jpg\" alt=\"Anlacan Tran psycholoog relatietherapeut Amsterdam\" class=\"wp-image-1700\" style=\"width:276px;height:290px\" srcset=\"https:\/\/anlacan.com\/wp-content\/uploads\/2020\/08\/THIS-IS-Anlacan-9-2-1-972x1024.jpg 972w, https:\/\/anlacan.com\/wp-content\/uploads\/2020\/08\/THIS-IS-Anlacan-9-2-1-237x250.jpg 237w, https:\/\/anlacan.com\/wp-content\/uploads\/2020\/08\/THIS-IS-Anlacan-9-2-1-768x809.jpg 768w, https:\/\/anlacan.com\/wp-content\/uploads\/2020\/08\/THIS-IS-Anlacan-9-2-1-1458x1536.jpg 1458w, https:\/\/anlacan.com\/wp-content\/uploads\/2020\/08\/THIS-IS-Anlacan-9-2-1-1944x2048.jpg 1944w, https:\/\/anlacan.com\/wp-content\/uploads\/2020\/08\/THIS-IS-Anlacan-9-2-1-11x12.jpg 11w, https:\/\/anlacan.com\/wp-content\/uploads\/2020\/08\/THIS-IS-Anlacan-9-2-1-595xh.jpg 595w, https:\/\/anlacan.com\/wp-content\/uploads\/2020\/08\/THIS-IS-Anlacan-9-2-1.jpg 2000w\" sizes=\"auto, (max-width: 972px) 100vw, 972px\" \/><\/figure>\n<\/div><\/div>\n<\/div>\n\n\n\n<p><\/p>\n\n\n\n<p>Waar ik ook kijk, lijk ik dezelfde patronen te blijven vinden: goede mensen die hun best doen, die oprecht willen liefhebben en zich verbonden willen voelen, maar hier niet altijd in slagen. Misverstanden komen op, emotionele muren worden gebouwd en het gebrek aan verbinding wordt een feit. Als kringen op het water verspreidt dit zich van individuen naar gezinnen, van gemeenschappen naar naties, van de ene generatie naar de volgende, en cre\u00ebert pijn en scheiding waar ik geloof dat we als wereld eigenlijk \u00e9\u00e9n zijn. Ik geloof dat we met het helen van elk individu, elke relatie, tegelijkertijd het collectief helen.<\/p>\n\n\n\n<p>Hoe vervangen we schadelijke patronen met patronen die ons in onze kracht, en liefde zetten? Niet alleen voor ons, maar voor alle generaties die na ons komen? Hoe werkt liefde; wat is de wetenschap erachter, maar nog belangrijker: hoe cre\u00ebren we concrete verandering? <br><\/p>\n\n\n\n<p class=\"has-text-align-center has-light-gray-color has-text-color\"><br><strong>Het is mijn levensdoel om mijzelf, mijn familie, en andere mensen te helpen om diep te helen, zodat we onszelf kunnen uitdrukken op de manieren die de meeste liefde en vreugde brengen.<\/strong> <br><br><\/p>\n\n\n\n<p class=\"has-text-align-center\"><em>Ik sta expliciet voor inclusiviteit en streef ernaar respectvol te zijn naar alle mensen. Ik eer de rijkdom van verschillende culturele en etnische achtergronden, filosofische en religieuze overtuigingen, genderidentiteiten, seksuele ori\u00ebntaties en expressies (waaronder kink) en de vele manieren waarop we ervoor kunnen kiezen om lief te hebben, waaronder monogame relatiestructuren en non-monogame relatiestructuren.<\/em><br><br><\/p>\n\n\n\n<p>De diepe wens om de wereld te helpen herverbinden heeft me onder andere gebracht van het wetenschappelijk gevalideerde Emotionally Focused Therapy, tot de mindfulnessleringen van zenboeddhist Th\u00edch Nh\u1ea5t H\u1ea1nh, tot het adem- en lichaamswerk uit de Westerse tantra. En ik zal blijven zoeken naar methodes die mensen helpen  opnieuw te verbinden. Met onszelf, met de wereld, en met andere mensen om ons heen.<\/p>\n\n\n\n<p>Ik hoop je snel te mogen ontmoeten. <\/p>\n\n\n\n<p style=\"font-size:14px\"><br><em><strong>Kwalificaties<\/strong>:<br><\/em>Anlacan Tran is lid van het Nederlands Instituut van Psychologen (NIP); NIP-nummer 234486<br>Anlacan Tran is lid van het ICEEFT (International Centre for Excellence in Emotionally Focused Therapy)<br>Schrijft voor <a href=\"https:\/\/www.eft.nl\/nieuws\/redactiecommissieleden-stellen-zich-voor\" target=\"_blank\" rel=\"noreferrer noopener\">Stichting EFT Nederland<\/a><br>Schrijft over ethische relaties op <a href=\"http:\/\/www.ethically-open.com\" target=\"_blank\" rel=\"noreferrer noopener\"> www.ethically-open.com<\/a><\/p>\n\n\n\n<p style=\"font-size:14px\">Emotionally Focused Individual Therapy (basis + geavanceerde training): behaald met Sue Johnson, Leanne Campbell en Yolanda von Hockauf<br>Emotionally Focused Therapy (basis + geavanceerde training):  behaald met Rebecca Jorgensen and Scott Woolley<br>Emotionally Focused Family Therapy (basis + geavanceerde training): behaald met Gail Palmer en Jim Furrow<br><br>Mindfulness-vrijwilliger ter ondersteuning van het kinderprogramma in Village des Pruniers, gesticht door Zenmeester Th\u00edch Nh\u1ea5t H\u1ea1nh<br><br>Vrije Universiteit Amsterdam: Master of Science, Sociale Psychologie<br>Vrije Universiteit Amsterdam: Bachelor of Science, Psychologie<\/p>\n\n\n\n<div style=\"height:32px\" aria-hidden=\"true\" class=\"wp-block-spacer\"><\/div>\n\n\n<div class=\"wp-block-image\">\n<figure class=\"alignleft size-full is-resized\"><img loading=\"lazy\" decoding=\"async\" width=\"261\" height=\"401\" src=\"https:\/\/anlacan.com\/wp-content\/uploads\/2024\/07\/NIP_beeldmerk_Psycholoog_rgb.png\" alt=\"non-monogamy therapist relationship therapy\" class=\"wp-image-2993\" style=\"width:118px;height:auto\" srcset=\"https:\/\/anlacan.com\/wp-content\/uploads\/2024\/07\/NIP_beeldmerk_Psycholoog_rgb.png 261w, https:\/\/anlacan.com\/wp-content\/uploads\/2024\/07\/NIP_beeldmerk_Psycholoog_rgb-163x250.png 163w, https:\/\/anlacan.com\/wp-content\/uploads\/2024\/07\/NIP_beeldmerk_Psycholoog_rgb-8x12.png 8w\" sizes=\"auto, (max-width: 261px) 100vw, 261px\" \/><\/figure>\n<\/div>\n\n\n<div style=\"height:48px\" aria-hidden=\"true\" class=\"wp-block-spacer\"><\/div>\n\n\n\n<p style=\"font-size:14px\"><br><em><strong>Publicaties en vermeldingen<\/strong>:<br><\/em>Pan Asian Collective x Stadsarchief Amsterdam: <a href=\"https:\/\/pac.tv\/project\/azie-x-nederland-ode-aziatische-vrouw\/\" target=\"_blank\" rel=\"noreferrer noopener\">Ode aan de Aziatische vrouw<\/a><br>Nu.nl: <a href=\"https:\/\/www.nu.nl\/slimmer-leven\/6351212\/nieuwsgierig-naar-non-monogame-relatie-vind-een-vorm-die-bij-je-past.html#nujij\" target=\"_blank\" rel=\"noreferrer noopener\">Nieuwsgierig naar non-monogame relatie? &#8216;Vind een vorm die bij je past&#8217;<\/a><br>Eft.nl: <a href=\"http:\/\/EFT en ethisch non-monogame cli\u00ebnten\" target=\"_blank\" rel=\"noreferrer noopener\">EFT en non-nomonogame clienten<\/a><br>Bustle: <a href=\"https:\/\/www.bustle.com\/wellness\/what-is-enm-relationship-will-ethical-non-monogamy-work-for-you\" target=\"_blank\" rel=\"noreferrer noopener\">How To Know If Ethical Non-Monogamy Could Work For You<\/a><br>Eft.nl: <a href=\"https:\/\/www.eft.nl\/nieuws\/de-nieuwe-editie-van-het-handboek-voor-eft-veilig-verbinden\" target=\"_blank\" rel=\"noreferrer noopener\">De nieuwe editie van h\u00e9t handboek voor EFT: \u2018Veilig verbinden\u2019!<\/a><br>Eft.nl: <a href=\"https:\/\/www.eft.nl\/nieuws\/waarom-we-als-therapeuten-mogen-vertrouwen-op-reactieve-emoties\" target=\"_blank\" rel=\"noreferrer noopener\">Waarom we als therapeuten mogen vertrouwen op reactieve emoties<\/a><\/p>\n\n\n\n<p style=\"font-size:14px\"><\/p>\n\n\n\n<p><\/p>\n\n\n\n<p><\/p>\n\n\n\n<div style=\"height:48px\" aria-hidden=\"true\" class=\"wp-block-spacer\"><\/div>\n\n\n\n<div style=\"height:48px\" aria-hidden=\"true\" class=\"wp-block-spacer\"><\/div>\n\n\n\n<h4 class=\"wp-block-heading\">Je bent altijd welkom om me een berichtje te sturen: <\/h4>\n\n\n\n<div style=\"height:27px\" aria-hidden=\"true\" class=\"wp-block-spacer\"><\/div>\n\n\n\n<div class=\"wpcf7 no-js\" id=\"wpcf7-f438-o1\" lang=\"en-US\" dir=\"ltr\" data-wpcf7-id=\"438\">\n<div class=\"screen-reader-response\"><p role=\"status\" aria-live=\"polite\" aria-atomic=\"true\"><\/p> <ul><\/ul><\/div>\n<form action=\"\/nl\/wp-json\/wp\/v2\/pages\/308#wpcf7-f438-o1\" method=\"post\" class=\"wpcf7-form init\" aria-label=\"Contact form\" novalidate=\"novalidate\" data-status=\"init\" data-trp-original-action=\"\/nl\/wp-json\/wp\/v2\/pages\/308#wpcf7-f438-o1\">\n<fieldset class=\"hidden-fields-container\"><input type=\"hidden\" name=\"_wpcf7\" value=\"438\" \/><input type=\"hidden\" name=\"_wpcf7_version\" value=\"6.1.5\" \/><input type=\"hidden\" name=\"_wpcf7_locale\" value=\"en_US\" \/><input type=\"hidden\" name=\"_wpcf7_unit_tag\" value=\"wpcf7-f438-o1\" \/><input type=\"hidden\" name=\"_wpcf7_container_post\" value=\"0\" \/><input type=\"hidden\" name=\"_wpcf7_posted_data_hash\" value=\"\" \/><input type=\"hidden\" name=\"_wpcf7_recaptcha_response\" value=\"\" \/>\n<\/fieldset>\n<p><label> Je naam (verplicht veld)<br \/>\n<span class=\"wpcf7-form-control-wrap\" data-name=\"your-name\"><input size=\"40\" maxlength=\"400\" class=\"wpcf7-form-control wpcf7-text wpcf7-validates-as-required\" aria-required=\"true\" aria-invalid=\"false\" value=\"\" type=\"text\" name=\"your-name\" \/><\/span> <\/label>\n<\/p>\n<p><label> Je e-mail adres (verplicht veld)<br \/>\n<span class=\"wpcf7-form-control-wrap\" data-name=\"your-email\"><input size=\"40\" maxlength=\"400\" class=\"wpcf7-form-control wpcf7-email wpcf7-validates-as-required wpcf7-text wpcf7-validates-as-email\" aria-required=\"true\" aria-invalid=\"false\" value=\"\" type=\"email\" name=\"your-email\" \/><\/span> <\/label>\n<\/p>\n<p><label> Onderwerp<br \/>\n<span class=\"wpcf7-form-control-wrap\" data-name=\"your-subject\"><input size=\"40\" maxlength=\"400\" class=\"wpcf7-form-control wpcf7-text\" aria-invalid=\"false\" value=\"\" type=\"text\" name=\"your-subject\" \/><\/span> <\/label>\n<\/p>\n<p><label> Je bericht<br \/>\n<span class=\"wpcf7-form-control-wrap\" data-name=\"your-message\"><textarea cols=\"40\" rows=\"10\" maxlength=\"2000\" class=\"wpcf7-form-control wpcf7-textarea\" aria-invalid=\"false\" name=\"your-message\"><\/textarea><\/span> <\/label><br \/>\n<div id=\"cf7sr-69e344285d09e\" class=\"cf7sr-g-recaptcha\" data-theme=\"light\" data-type=\"image\" data-size=\"normal\" data-sitekey=\"6LdoT7oZAAAAAE30P8jI6lJqlNUZPqWWrUh2zEIl\"><\/div><span class=\"wpcf7-form-control-wrap cf7sr-recaptcha\" data-name=\"cf7sr-recaptcha\"><input type=\"hidden\" name=\"cf7sr-recaptcha\" value=\"\" class=\"wpcf7-form-control\"><\/span><br \/>\n<input class=\"wpcf7-form-control wpcf7-submit has-spinner\" type=\"submit\" value=\"Verstuur\" \/>\n<\/p><p style=\"display: none !important;\" class=\"akismet-fields-container\" data-prefix=\"_wpcf7_ak_\"><label>&#916;<textarea name=\"_wpcf7_ak_hp_textarea\" cols=\"45\" rows=\"8\" maxlength=\"100\"><\/textarea><\/label><input type=\"hidden\" id=\"ak_js_1\" name=\"_wpcf7_ak_js\" value=\"170\"\/><script>document.getElementById( \"ak_js_1\" ).setAttribute( \"value\", ( new Date() ).getTime() );<\/script><\/p><div class=\"wpcf7-response-output\" aria-hidden=\"true\"><\/div>\n<input type=\"hidden\" name=\"trp-form-language\" value=\"nl\"\/><\/form>\n<\/div>","protected":false},"excerpt":{"rendered":"<p>Many therapists I have met come from a place where they have experienced firsthand the pain that miscommunication and the lack of connection can cause, and I am not an exception to that. My parents, after having fled injustice and war in their home country of Vietnam, found themselves challenged by the difficulties of integrating&hellip;<\/p>","protected":false},"author":1,"featured_media":0,"parent":0,"menu_order":0,"comment_status":"closed","ping_status":"closed","template":"","meta":{"footnotes":""},"class_list":["post-308","page","type-page","status-publish","hentry","description-off"],"_links":{"self":[{"href":"https:\/\/anlacan.com\/nl\/wp-json\/wp\/v2\/pages\/308","targetHints":{"allow":["GET"]}}],"collection":[{"href":"https:\/\/anlacan.com\/nl\/wp-json\/wp\/v2\/pages"}],"about":[{"href":"https:\/\/anlacan.com\/nl\/wp-json\/wp\/v2\/types\/page"}],"author":[{"embeddable":true,"href":"https:\/\/anlacan.com\/nl\/wp-json\/wp\/v2\/users\/1"}],"replies":[{"embeddable":true,"href":"https:\/\/anlacan.com\/nl\/wp-json\/wp\/v2\/comments?post=308"}],"version-history":[{"count":45,"href":"https:\/\/anlacan.com\/nl\/wp-json\/wp\/v2\/pages\/308\/revisions"}],"predecessor-version":[{"id":3156,"href":"https:\/\/anlacan.com\/nl\/wp-json\/wp\/v2\/pages\/308\/revisions\/3156"}],"wp:attachment":[{"href":"https:\/\/anlacan.com\/nl\/wp-json\/wp\/v2\/media?parent=308"}],"curies":[{"name":"wp","href":"https:\/\/api.w.org\/{rel}","templated":true}]}}